{"id":32410,"date":"2023-10-31T08:32:50","date_gmt":"2023-10-31T08:32:50","guid":{"rendered":"https:\/\/www.nirvanaholidays.com\/rental-villas-antalya\/?page_id=32410"},"modified":"2023-10-31T18:13:05","modified_gmt":"2023-10-31T18:13:05","slug":"kiralik-villalara-dahil-olan-hizmetler","status":"publish","type":"page","link":"https:\/\/www.nirvanaholidays.com\/rental-villas-antalya\/tr\/kiralik-villalara-dahil-olan-hizmetler\/","title":{"rendered":"Kiral\u0131k Villalara Dahil Olan Hizmetler"},"content":{"rendered":"<p>[et_pb_section fb_built=&#8221;1&#8243; admin_label=&#8221;Header &#038; Pricing Table&#8221; _builder_version=&#8221;4.21.0&#8243; _module_preset=&#8221;default&#8221; custom_padding=&#8221;||0px|||&#8221; collapsed=&#8221;on&#8221; global_colors_info=&#8221;{}&#8221;][et_pb_row _builder_version=&#8221;4.21.0&#8243; _module_preset=&#8221;default&#8221; global_colors_info=&#8221;{}&#8221;][et_pb_column type=&#8221;4_4&#8243; _builder_version=&#8221;4.21.0&#8243; _module_preset=&#8221;default&#8221; global_colors_info=&#8221;{}&#8221;][et_pb_text _builder_version=&#8221;4.23&#8243; _module_preset=&#8221;b5285d3c-dff9-4336-b4ea-cc6dbd22b22a&#8221; text_orientation=&#8221;center&#8221; global_colors_info=&#8221;{}&#8221;]<\/p>\n<h1> Kiral\u0131k Villalara Dahil Olan Hizmetler <\/h1>\n<p>[\/et_pb_text][\/et_pb_column][\/et_pb_row][et_pb_row _builder_version=&#8221;4.22.0&#8243; _module_preset=&#8221;default&#8221; max_width=&#8221;800px&#8221; locked=&#8221;off&#8221; global_colors_info=&#8221;{}&#8221;][et_pb_column type=&#8221;4_4&#8243; _builder_version=&#8221;4.21.0&#8243; _module_preset=&#8221;default&#8221; global_colors_info=&#8221;{}&#8221;][et_pb_text _builder_version=&#8221;4.23&#8243; _module_preset=&#8221;e7d03a88-e29f-4f65-8b30-acc8e40d7548&#8243; text_font_size=&#8221;17px&#8221; text_orientation=&#8221;center&#8221; global_colors_info=&#8221;{}&#8221;]<\/p>\n<p> Kiral\u0131k villalar\u0131m\u0131z\u0131n i\u00e7in standart olarak verilen hizmetler; giri\u015fte ilk temizlik, nevresim tak\u0131mlar\u0131, banyo havlusu, t\u00fcm mutfak malzemeleri, \u00fccretsiz Wi-Fi, ak\u0131ll\u0131 TV, klimalar, bah\u00e7e bak\u0131m\u0131, havuz bak\u0131m\u0131, \u00e7\u00f6p toplama, 24 saat g\u00fcvenlik hizmetleri fiyatlara dahildir.  <\/p>\n<p>[\/et_pb_text][\/et_pb_column][\/et_pb_row][\/et_pb_section][et_pb_section fb_built=&#8221;1&#8243; admin_label=&#8221;FAQ&#8221; _builder_version=&#8221;4.21.0&#8243; _module_preset=&#8221;default&#8221; custom_padding=&#8221;0px|||||&#8221; collapsed=&#8221;on&#8221; global_colors_info=&#8221;{}&#8221;][et_pb_row _builder_version=&#8221;4.21.0&#8243; _module_preset=&#8221;default&#8221; global_colors_info=&#8221;{}&#8221;][et_pb_column type=&#8221;4_4&#8243; _builder_version=&#8221;4.21.0&#8243; _module_preset=&#8221;default&#8221; global_colors_info=&#8221;{}&#8221;][et_pb_accordion toggle_icon=&#8221;&#xf067;||fa||900&#8243; _builder_version=&#8221;4.23&#8243; _module_preset=&#8221;61feed38-44b7-4d2d-9997-0e01e268185e&#8221; locked=&#8221;off&#8221; global_colors_info=&#8221;{%22gcid-d056ff0b-a85f-45b3-bb11-a75debfb13bf%22:%91%22toggle_text_color%22%93}&#8221;][et_pb_accordion_item title=&#8221;V\u0130LLALARA G\u0130R\u0130\u015e&#8221; open=&#8221;on&#8221; _builder_version=&#8221;4.23&#8243; _module_preset=&#8221;default&#8221; global_colors_info=&#8221;{}&#8221;]<\/p>\n<p> Villam\u0131za giri\u015f saati 14:00&#8217;ten sonrad\u0131r. Villaya geldi\u011finizde personelimiz size yard\u0131mc\u0131 olacak ve anahtar\u0131 teslim edecektir. Mesai saatlerinden sonra giri\u015f yaparsan\u0131z, sizin i\u00e7in t\u00fcm talimatlarla birlikte kendi kendine giri\u015f (self check\/in) ayarlayaca\u011f\u0131z. Villan\u0131n tamamen temizlendi\u011fini ve kontrol edildi\u011fini, t\u00fcm cihazlar\u0131n d\u00fczg\u00fcn \u00e7al\u0131\u015ft\u0131\u011f\u0131n\u0131 g\u00f6receksiniz. Konum haritas\u0131, wi-fi kodu, giri\u015f prosed\u00fcr\u00fc ve s\u00fcrg\u00fcl\u00fc kayar kap\u0131lar\u0131n a\u00e7\u0131lmas\u0131na ili\u015fkin talimat, gerekli telefon numaralar\u0131 var\u0131\u015ftan \u00f6nce sizlere g\u00f6nderilecektir. Giri\u015f s\u0131ras\u0131nda t\u00fcm seyahat edenlerin pasaportlar\u0131n\u0131n ve kimlik kartlar\u0131n\u0131n ibraz edilmesi zorunludur. Olas\u0131 hasarlar\u0131n kar\u015f\u0131lanmas\u0131 i\u00e7in giri\u015f (check-in) i\u015fleminden \u00f6nce depozito tahsil edilecektir. <\/p>\n<p>[\/et_pb_accordion_item][et_pb_accordion_item title=&#8221;V\u0130LLALARDAN AYRILI\u015e&#8221; _builder_version=&#8221;4.23&#8243; _module_preset=&#8221;default&#8221; global_colors_info=&#8221;{}&#8221; open=&#8221;off&#8221;]<\/p>\n<p> \u00c7\u0131k\u0131\u015f saati en ge\u00e7 11:00&#8217;dir. Villalar\u0131m\u0131z bir sonraki gelen misafirler i\u00e7in haz\u0131rlan\u0131p temizlenece\u011finden, m\u00fc\u015fterilerimizin ayr\u0131l\u0131\u015f g\u00fcn\u00fc evden \u00e7\u0131kmalar\u0131 ve anahtarlar\u0131n\u0131 saat 11:00&#8217;de personelimize teslim etmeleri gerekmektedir. Villalar, anahtar teslimi s\u0131ras\u0131nda g\u00f6revli personelimiz taraf\u0131ndan incelenecektir. Y\u00f6netim, villada olu\u015fabilecek hasar veya kay\u0131p e\u015fyalar i\u00e7in m\u00fc\u015fterilerden \u00fccret tahsil etme hakk\u0131n\u0131 sakl\u0131 tutar. M\u00fcsaitlik olmas\u0131 ve y\u00f6netim taraf\u0131ndan teyit edilmesi halinde ek \u00fccret kar\u015f\u0131l\u0131\u011f\u0131nda erken giri\u015f veya ge\u00e7 \u00e7\u0131k\u0131\u015f ayarlanabilir.  <\/p>\n<p>[\/et_pb_accordion_item][et_pb_accordion_item title=&#8221;ULA\u015eIM \u0130MKANLARI&#8221; _builder_version=&#8221;4.23&#8243; _module_preset=&#8221;default&#8221; global_colors_info=&#8221;{}&#8221; open=&#8221;off&#8221;]<\/p>\n<p> Nirvana Tatil Evleri, Antalya\u2019n\u0131n Serik il\u00e7esine ba\u011fl\u0131 Belek mahallesinin sakin bir b\u00f6lgesinde, Belek merkezine 2 km uzakl\u0131kta yer almaktad\u0131r. Misafirlerimizin bir\u00e7o\u011fu, Antalya ve \u00e7evresini ke\u015ffetmek i\u00e7in ara\u00e7 kiralamay\u0131 tercih eder. Bu nedenle market al\u0131\u015fveri\u015fi, plaja eri\u015fim ve \u00e7evre gezileri i\u00e7in gerekli olaca\u011f\u0131ndan ara\u00e7 kiralamay\u0131 m\u00fc\u015fterilerimize tavsiye ediyoruz. Nirvana Belek Villa sitesine 5-10 dakikal\u0131k mesafedeki taksi hizmetini de kullanmak m\u00fcmk\u00fcnd\u00fcr. Misafirlerimizin talepleri \u00fczerine havaalan\u0131 ula\u015f\u0131m\u0131 ve yerel taksi hizmeti mevcuttur. <\/p>\n<p>[\/et_pb_accordion_item][\/et_pb_accordion][\/et_pb_column][\/et_pb_row][\/et_pb_section][et_pb_section fb_built=&#8221;1&#8243; custom_padding_last_edited=&#8221;on|tablet&#8221; admin_label=&#8221;Call to Action&#8221; _builder_version=&#8221;4.21.0&#8243; _module_preset=&#8221;default&#8221; custom_padding=&#8221;0px||20px||false|false&#8221; custom_padding_tablet=&#8221;0px||0px||false|false&#8221; custom_padding_phone=&#8221;0px||0px||false|false&#8221; locked=&#8221;off&#8221; collapsed=&#8221;on&#8221; global_colors_info=&#8221;{}&#8221;][et_pb_row column_structure=&#8221;2_5,3_5&#8243; use_custom_gutter=&#8221;on&#8221; gutter_width=&#8221;2&#8243; make_equal=&#8221;on&#8221; _builder_version=&#8221;4.22.2&#8243; _module_preset=&#8221;default&#8221; width=&#8221;94%&#8221; width_tablet=&#8221;80%&#8221; width_phone=&#8221;80%&#8221; width_last_edited=&#8221;on|desktop&#8221; max_width=&#8221;2000px&#8221; global_colors_info=&#8221;{}&#8221;][et_pb_column type=&#8221;2_5&#8243; _builder_version=&#8221;4.22.0&#8243; _module_preset=&#8221;default&#8221; background_color=&#8221;gcid-3739f6af-6ec3-431f-9233-3cdc85f4270b&#8221; custom_padding=&#8221;7vw|50px|7vw|50px|true|true&#8221; custom_padding_tablet=&#8221;|30px||30px|false|true&#8221; custom_padding_phone=&#8221;|20px||20px|true|true&#8221; custom_padding_last_edited=&#8221;on|desktop&#8221; border_radii=&#8221;on|10px|10px|10px|10px&#8221; global_colors_info=&#8221;{%22gcid-3739f6af-6ec3-431f-9233-3cdc85f4270b%22:%91%22background_color%22%93}&#8221;][et_pb_text _builder_version=&#8221;4.23&#8243; _module_preset=&#8221;c82bc787-c1fa-416d-a4ae-dafc3e5b4cae&#8221; header_3_text_color=&#8221;#FFFFFF&#8221; custom_margin=&#8221;||10px||false|false&#8221; global_colors_info=&#8221;{}&#8221;]<\/p>\n<h3> Fiyata Dahil Olan Hizmetler <\/h3>\n<p>[\/et_pb_text][et_pb_text _builder_version=&#8221;4.23&#8243; _module_preset=&#8221;2a4bf700-86c2-497b-9c0b-cbfbd6c0ec2b&#8221; text_text_color=&#8221;#FFFFFF&#8221; global_colors_info=&#8221;{}&#8221;]<\/p>\n<ul>\n<li>Elektrik, su, internet<\/li>\n<li>Bah\u00e7e bak\u0131mI<\/li>\n<li>Havuz bak\u0131m\u0131<\/li>\n<li>\u00c7\u00f6p Alma<\/li>\n<li>Giri\u015fte ilk temizlik<\/li>\n<li>Giri\u015fte banyo havlusu ve nevresimler<\/li>\n<li>Banyo malzemeleri \/ yaln\u0131zca bir kez<\/li>\n<\/ul>\n<p>[\/et_pb_text][\/et_pb_column][et_pb_column type=&#8221;3_5&#8243; _builder_version=&#8221;4.22.2&#8243; _module_preset=&#8221;default&#8221; background_image=&#8221;https:\/\/www.nirvanaholidays.com\/rental-villas-antalya\/wp-content\/uploads\/2023\/10\/services-cond-1.jpeg&#8221; border_radii=&#8221;on|10px|10px|10px|10px&#8221; global_colors_info=&#8221;{}&#8221;][et_pb_divider show_divider=&#8221;off&#8221; _builder_version=&#8221;4.21.0&#8243; _module_preset=&#8221;default&#8221; height_tablet=&#8221;40vw&#8221; height_phone=&#8221;40vw&#8221; height_last_edited=&#8221;on|desktop&#8221; locked=&#8221;off&#8221; global_colors_info=&#8221;{}&#8221;][\/et_pb_divider][\/et_pb_column][\/et_pb_row][et_pb_row column_structure=&#8221;3_5,2_5&#8243; use_custom_gutter=&#8221;on&#8221; gutter_width=&#8221;2&#8243; make_equal=&#8221;on&#8221; custom_padding_last_edited=&#8221;on|tablet&#8221; _builder_version=&#8221;4.22.2&#8243; _module_preset=&#8221;default&#8221; width=&#8221;94%&#8221; width_tablet=&#8221;80%&#8221; width_phone=&#8221;80%&#8221; width_last_edited=&#8221;on|tablet&#8221; max_width=&#8221;2000px&#8221; custom_padding=&#8221;||20px||false|false&#8221; custom_padding_tablet=&#8221;||||false|false&#8221; custom_padding_phone=&#8221;||||false|false&#8221; global_colors_info=&#8221;{}&#8221;][et_pb_column type=&#8221;3_5&#8243; _builder_version=&#8221;4.22.2&#8243; _module_preset=&#8221;default&#8221; background_image=&#8221;https:\/\/www.nirvanaholidays.com\/rental-villas-antalya\/wp-content\/uploads\/2023\/10\/services-cond-2.jpeg&#8221; border_radii=&#8221;on|10px|10px|10px|10px&#8221; global_colors_info=&#8221;{}&#8221;][et_pb_divider show_divider=&#8221;off&#8221; _builder_version=&#8221;4.21.0&#8243; _module_preset=&#8221;default&#8221; height_tablet=&#8221;40vw&#8221; height_phone=&#8221;40vw&#8221; height_last_edited=&#8221;on|desktop&#8221; locked=&#8221;off&#8221; global_colors_info=&#8221;{}&#8221;][\/et_pb_divider][\/et_pb_column][et_pb_column type=&#8221;2_5&#8243; _builder_version=&#8221;4.22.0&#8243; _module_preset=&#8221;default&#8221; background_color=&#8221;gcid-70184d90-89dc-4d37-8a72-67bb78c7369e&#8221; custom_padding=&#8221;7vw|50px|7vw|50px|true|true&#8221; custom_padding_tablet=&#8221;|30px||30px|true|true&#8221; custom_padding_phone=&#8221;|20px||20px|true|true&#8221; custom_padding_last_edited=&#8221;on|phone&#8221; border_radii=&#8221;on|10px|10px|10px|10px&#8221; global_colors_info=&#8221;{%22gcid-70184d90-89dc-4d37-8a72-67bb78c7369e%22:%91%22background_color%22%93}&#8221;][et_pb_text _builder_version=&#8221;4.23&#8243; _module_preset=&#8221;c82bc787-c1fa-416d-a4ae-dafc3e5b4cae&#8221; custom_margin=&#8221;||10px||false|false&#8221; global_colors_info=&#8221;{}&#8221;]<\/p>\n<h3>Ekstra Hizmetler<\/h3>\n<p>[\/et_pb_text][et_pb_text _builder_version=&#8221;4.23&#8243; _module_preset=&#8221;2a4bf700-86c2-497b-9c0b-cbfbd6c0ec2b&#8221; global_colors_info=&#8221;{}&#8221;]<\/p>\n<ul>\n<li>Saat 14:00&#8217;ten \u00f6nce giri\u015f (m\u00fcsaitlik durumunda)<\/li>\n<li>Saat 11:00&#8217;den sonra \u00e7\u0131k\u0131\u015f (m\u00fcsaitlik durumunda)<\/li>\n<li>Havlu ve nevresimlerin 2. kez de\u011fi\u015ftirilmesi<\/li>\n<li>Villan\u0131n tamam\u0131n\u0131n 2. kez temizlenmesi<\/li>\n<li>\u00c7ama\u015f\u0131rhane ve \u00fct\u00fc hizmeti<\/li>\n<li>Havaalan\u0131 Transferleri<\/li>\n<li>Balay\u0131 \/ Do\u011fum g\u00fcn\u00fc paketi<\/li>\n<\/ul>\n<p>[\/et_pb_text][\/et_pb_column][\/et_pb_row][\/et_pb_section][et_pb_section fb_built=&#8221;1&#8243; custom_padding_last_edited=&#8221;on|tablet&#8221; admin_label=&#8221;Call to Action&#8221; _builder_version=&#8221;4.21.0&#8243; _module_preset=&#8221;default&#8221; custom_padding=&#8221;||20px||false|false&#8221; custom_padding_tablet=&#8221;||0px||false|true&#8221; custom_padding_phone=&#8221;||0px||false|true&#8221; locked=&#8221;off&#8221; collapsed=&#8221;on&#8221; global_colors_info=&#8221;{}&#8221;][et_pb_row column_structure=&#8221;2_5,3_5&#8243; use_custom_gutter=&#8221;on&#8221; gutter_width=&#8221;2&#8243; make_equal=&#8221;on&#8221; _builder_version=&#8221;4.22.2&#8243; _module_preset=&#8221;default&#8221; width=&#8221;94%&#8221; width_tablet=&#8221;80%&#8221; width_phone=&#8221;80%&#8221; width_last_edited=&#8221;on|desktop&#8221; max_width=&#8221;2000px&#8221; global_colors_info=&#8221;{}&#8221;][et_pb_column type=&#8221;2_5&#8243; _builder_version=&#8221;4.22.0&#8243; _module_preset=&#8221;default&#8221; background_color=&#8221;gcid-5aa9ce6a-8a5e-4347-973a-c6b91f603234&#8243; custom_padding=&#8221;7vw|50px|7vw|50px|true|true&#8221; custom_padding_tablet=&#8221;|30px||30px|true|true&#8221; custom_padding_phone=&#8221;|20px||20px|true|true&#8221; custom_padding_last_edited=&#8221;on|desktop&#8221; border_radii=&#8221;on|10px|10px|10px|10px&#8221; global_colors_info=&#8221;{%22gcid-5aa9ce6a-8a5e-4347-973a-c6b91f603234%22:%91%22background_color%22%93}&#8221;][et_pb_text _builder_version=&#8221;4.23&#8243; _module_preset=&#8221;c83f19b2-d78e-48ef-ac28-fbe518912935&#8243; header_3_text_color=&#8221;#FFFFFF&#8221; custom_margin=&#8221;||10px||false|false&#8221; global_colors_info=&#8221;{}&#8221;]<\/p>\n<h3>Bize Ula\u015f\u0131n<\/h3>\n<p>[\/et_pb_text][et_pb_text _builder_version=&#8221;4.23&#8243; _module_preset=&#8221;f379e5a5-f51d-4697-9850-36e344acd943&#8243; text_text_color=&#8221;#FFFFFF&#8221; custom_margin=&#8221;||30px||false|false&#8221; global_colors_info=&#8221;{}&#8221;]Nirvana Belek Villalar\u0131 erken rezervasyon yapt\u0131ran misafirlere \u00f6zel fiyat avantaj\u0131 sunmaktad\u0131r. Konaklama tarih ve s\u00fcrenize g\u00f6re de\u011fi\u015fiklik g\u00f6sterebilecek tatil villalar\u0131m\u0131z\u0131n en uygun fiyat teklifi i\u00e7in do\u011frudan bizimle ileti\u015fime ge\u00e7meniz rica olunur.[\/et_pb_text][et_pb_button button_url=&#8221;@ET-DC@eyJkeW5hbWljIjp0cnVlLCJjb250ZW50IjoicG9zdF9saW5rX3VybF9wYWdlIiwic2V0dGluZ3MiOnsicG9zdF9pZCI6IjMyNDQxIn19@&#8221; button_text=&#8221;\u0130LET\u0130\u015e\u0130M&#8221; _builder_version=&#8221;4.23&#8243; _dynamic_attributes=&#8221;button_url&#8221; _module_preset=&#8221;a2a76efb-21f6-44b0-b9a4-b59d1ff6dbe6&#8243; hover_enabled=&#8221;0&#8243; global_colors_info=&#8221;{}&#8221; sticky_enabled=&#8221;0&#8243;][\/et_pb_button][\/et_pb_column][et_pb_column type=&#8221;3_5&#8243; _builder_version=&#8221;4.22.2&#8243; _module_preset=&#8221;default&#8221; background_image=&#8221;https:\/\/www.nirvanaholidays.com\/rental-villas-antalya\/wp-content\/uploads\/2023\/10\/stay-with-us-nirvana-villas.jpeg&#8221; border_radii=&#8221;on|10px|10px|10px|10px&#8221; global_colors_info=&#8221;{}&#8221;][et_pb_divider show_divider=&#8221;off&#8221; _builder_version=&#8221;4.21.0&#8243; _module_preset=&#8221;default&#8221; height_tablet=&#8221;40vw&#8221; height_phone=&#8221;40vw&#8221; height_last_edited=&#8221;on|desktop&#8221; locked=&#8221;off&#8221; global_colors_info=&#8221;{}&#8221;][\/et_pb_divider][\/et_pb_column][\/et_pb_row][\/et_pb_section]<\/p>\n","protected":false},"excerpt":{"rendered":"<p>Kiral\u0131k Villalara Dahil Olan Hizmetler Kiral\u0131k villalar\u0131m\u0131z\u0131n i\u00e7in standart olarak verilen hizmetler; giri\u015fte ilk temizlik, nevresim tak\u0131mlar\u0131, banyo havlusu, t\u00fcm mutfak malzemeleri, \u00fccretsiz Wi-Fi, ak\u0131ll\u0131 TV, klimalar, bah\u00e7e bak\u0131m\u0131, havuz bak\u0131m\u0131, \u00e7\u00f6p toplama, 24 saat g\u00fcvenlik hizmetleri fiyatlara dahildir. Villam\u0131za giri\u015f saati 14:00&#8217;ten sonrad\u0131r. Villaya geldi\u011finizde personelimiz size yard\u0131mc\u0131 olacak ve anahtar\u0131 teslim edecektir. Mesai [&hellip;]<\/p>\n","protected":false},"author":1,"featured_media":0,"parent":0,"menu_order":0,"comment_status":"closed","ping_status":"closed","template":"","meta":{"_et_pb_use_builder":"on","_et_pb_old_content":"","_et_gb_content_width":"","_joinchat":[],"footnotes":""},"class_list":["post-32410","page","type-page","status-publish","hentry"],"_links":{"self":[{"href":"https:\/\/www.nirvanaholidays.com\/rental-villas-antalya\/wp-json\/wp\/v2\/pages\/32410","targetHints":{"allow":["GET"]}}],"collection":[{"href":"https:\/\/www.nirvanaholidays.com\/rental-villas-antalya\/wp-json\/wp\/v2\/pages"}],"about":[{"href":"https:\/\/www.nirvanaholidays.com\/rental-villas-antalya\/wp-json\/wp\/v2\/types\/page"}],"author":[{"embeddable":true,"href":"https:\/\/www.nirvanaholidays.com\/rental-villas-antalya\/wp-json\/wp\/v2\/users\/1"}],"replies":[{"embeddable":true,"href":"https:\/\/www.nirvanaholidays.com\/rental-villas-antalya\/wp-json\/wp\/v2\/comments?post=32410"}],"version-history":[{"count":4,"href":"https:\/\/www.nirvanaholidays.com\/rental-villas-antalya\/wp-json\/wp\/v2\/pages\/32410\/revisions"}],"predecessor-version":[{"id":32513,"href":"https:\/\/www.nirvanaholidays.com\/rental-villas-antalya\/wp-json\/wp\/v2\/pages\/32410\/revisions\/32513"}],"wp:attachment":[{"href":"https:\/\/www.nirvanaholidays.com\/rental-villas-antalya\/wp-json\/wp\/v2\/media?parent=32410"}],"curies":[{"name":"wp","href":"https:\/\/api.w.org\/{rel}","templated":true}]}}